{"id":367,"date":"2020-03-01T06:39:18","date_gmt":"2020-03-01T06:39:18","guid":{"rendered":"http:\/\/tierarzt-niederkassel.de\/?page_id=367"},"modified":"2025-05-07T09:18:28","modified_gmt":"2025-05-07T09:18:28","slug":"sachkundepruefung-gemaess-%c2%a7-11-abs-3-lhundg-nrw","status":"publish","type":"page","link":"https:\/\/tierarzt-niederkassel.de\/?page_id=367","title":{"rendered":"Sachkundepr\u00fcfung gem\u00e4\u00df \u00a7 11 Abs. 3 LHundG NRW"},"content":{"rendered":"<div style=\"text-align: center;\">Die Haltung eines Hundes, der ausgewachsen eine Widerristh\u00f6he von mindestens 40 cm oder ein Gewicht von mindestens 20 kg erreicht (gro\u00dfer Hund), ist der zust\u00e4ndigen Beh\u00f6rde von der Halterin oder vom Halter anzuzeigen.<\/div>\n<div style=\"text-align: center;\"><\/div>\n<div style=\"text-align: center;\">Gro\u00dfe Hunde d\u00fcrfen nur gehalten werden, wenn die Halterin oder der Halter die:<\/div>\n<div><\/div>\n<div>\n<ul>\n<li>erforderliche Sachkunde und die<\/li>\n<li>Zuverl\u00e4ssigkeit besitzt,<\/li>\n<li>den Hund f\u00e4lschungssicher mit einem Mikrochip gekennzeichnet und<\/li>\n<li>f\u00fcr den Hund eine Haftpflichtversicherung abgeschlossen hat<\/li>\n<li>und dies gegen\u00fcber der zust\u00e4ndigen Beh\u00f6rde nachweist.<\/li>\n<\/ul>\n<p style=\"text-align: center;\">Wir sind bef\u00e4higt, die Sachkundepr\u00fcfung gem\u00e4\u00df Landeshundegesetz NRW abzunehmen.<br \/>\nUm sich auf die Pr\u00fcfung vorzubereiten, k\u00f6nnen Sie den,\u00a0Frage- und Antwortenkatalog\u00a0unter diesem externen Link,<br \/>\n<a href=\"https:\/\/www.tieraerztekammer-nordrhein.de\/tierhalter\/sachkundebescheinigung-lhundg\/\">Tier\u00e4rztekammer Nordrhein<\/a>\u00a0\u00a0herunterladen.<\/p>\n<p style=\"text-align: center;\">Bitte vereinbaren Sie zum Ablegen der Pr\u00fcfung einen Termin.<\/p>\n<\/div>\n<h6 style=\"text-align: right;\">Quelle: Tier\u00e4rztekammer Nordrhein<\/h6>\n","protected":false},"excerpt":{"rendered":"<p>Die Haltung eines Hundes, der ausgewachsen eine Widerristh\u00f6he von mindestens 40 cm oder ein Gewicht von mindestens 20 kg erreicht (gro\u00dfer Hund), ist der zust\u00e4ndigen Beh\u00f6rde von der Halterin oder vom Halter anzuzeigen. Gro\u00dfe Hunde d\u00fcrfen nur gehalten werden, wenn die Halterin oder der Halter die: erforderliche Sachkunde und die Zuverl\u00e4ssigkeit besitzt, den Hund f\u00e4lschungssicher mit einem Mikrochip gekennzeichnet und [&hellip;]<\/p>\n","protected":false},"author":1,"featured_media":0,"parent":0,"menu_order":0,"comment_status":"closed","ping_status":"closed","template":"page_fullwidth.php","meta":{"footnotes":""},"_links":{"self":[{"href":"https:\/\/tierarzt-niederkassel.de\/index.php?rest_route=\/wp\/v2\/pages\/367"}],"collection":[{"href":"https:\/\/tierarzt-niederkassel.de\/index.php?rest_route=\/wp\/v2\/pages"}],"about":[{"href":"https:\/\/tierarzt-niederkassel.de\/index.php?rest_route=\/wp\/v2\/types\/page"}],"author":[{"embeddable":true,"href":"https:\/\/tierarzt-niederkassel.de\/index.php?rest_route=\/wp\/v2\/users\/1"}],"replies":[{"embeddable":true,"href":"https:\/\/tierarzt-niederkassel.de\/index.php?rest_route=%2Fwp%2Fv2%2Fcomments&post=367"}],"version-history":[{"count":6,"href":"https:\/\/tierarzt-niederkassel.de\/index.php?rest_route=\/wp\/v2\/pages\/367\/revisions"}],"predecessor-version":[{"id":715,"href":"https:\/\/tierarzt-niederkassel.de\/index.php?rest_route=\/wp\/v2\/pages\/367\/revisions\/715"}],"wp:attachment":[{"href":"https:\/\/tierarzt-niederkassel.de\/index.php?rest_route=%2Fwp%2Fv2%2Fmedia&parent=367"}],"curies":[{"name":"wp","href":"https:\/\/api.w.org\/{rel}","templated":true}]}}